{"id":3,"date":"2023-05-25T18:45:29","date_gmt":"2023-05-25T18:45:29","guid":{"rendered":"https:\/\/integra360.com.mx\/?page_id=3"},"modified":"2024-10-15T16:36:01","modified_gmt":"2024-10-15T22:36:01","slug":"privacy-policy","status":"publish","type":"page","link":"https:\/\/integra360.com.mx\/index.php\/privacy-policy\/","title":{"rendered":"Pol\u00edticas de Privacidad"},"content":{"rendered":"\t\t<div data-elementor-type=\"wp-page\" data-elementor-id=\"3\" class=\"elementor elementor-3\">\n\t\t\t\t\t\t\t\t\t<section class=\"elementor-section elementor-top-section elementor-element elementor-element-548c5b40 elementor-section-boxed elementor-section-height-default elementor-section-height-default\" data-id=\"548c5b40\" data-element_type=\"section\">\n\t\t\t\t\t\t<div class=\"elementor-container elementor-column-gap-default\">\n\t\t\t\t\t<div class=\"elementor-column elementor-col-100 elementor-top-column elementor-element elementor-element-7794c6c8\" data-id=\"7794c6c8\" data-element_type=\"column\">\n\t\t\t<div class=\"elementor-widget-wrap elementor-element-populated\">\n\t\t\t\t\t\t\t\t<div class=\"elementor-element elementor-element-627a9ba9 elementor-widget elementor-widget-text-editor\" data-id=\"627a9ba9\" data-element_type=\"widget\" data-widget_type=\"text-editor.default\">\n\t\t\t\t<div class=\"elementor-widget-container\">\n\t\t\t<style>\/*! elementor - v3.14.0 - 26-06-2023 *\/\n.elementor-widget-text-editor.elementor-drop-cap-view-stacked .elementor-drop-cap{background-color:#69727d;color:#fff}.elementor-widget-text-editor.elementor-drop-cap-view-framed .elementor-drop-cap{color:#69727d;border:3px solid;background-color:transparent}.elementor-widget-text-editor:not(.elementor-drop-cap-view-default) .elementor-drop-cap{margin-top:8px}.elementor-widget-text-editor:not(.elementor-drop-cap-view-default) .elementor-drop-cap-letter{width:1em;height:1em}.elementor-widget-text-editor .elementor-drop-cap{float:left;text-align:center;line-height:1;font-size:50px}.elementor-widget-text-editor .elementor-drop-cap-letter{display:inline-block}<\/style>\t\t\t\t<p><!-- wp:heading --><\/p>\n<h1 style=\"text-align: center;\"><strong style=\"font-family: Roboto; font-size: 15px;\"><b style=\"text-align: center;\"><span style=\"font-size: 18.0pt; font-family: 'Arial',sans-serif; mso-fareast-font-family: 'Times New Roman'; color: #333333; mso-font-kerning: 18.0pt; mso-fareast-language: ES-MX;\">AVISO DE PRIVACIDAD<\/span><\/b><\/strong><\/h1>\n<p>\u00a0<\/p>\n<p><strong>Inmobiliaria Integra 360<\/strong>, con domicilio en\u00a0<strong>Boulevard Nuevo Hidalgo Numero 326 Interior 4 Puerta de Hierro, Pachuca de Soto, Hidalgo<\/strong>, es responsable de recabar sus datos personales, del uso que se le d\u00e9 a los mismos y de su protecci\u00f3n.<\/p>\n<p>Su informaci\u00f3n personal ser\u00e1 utilizada para proveer los servicios y productos que ha solicitado,\u00a0espec\u00edficamente la intermediaci\u00f3n comercial inmobiliaria para la venta, compra o arrendamiento de inmuebles, para informarle sobre cambios en los mismos y evaluar la calidad del servicio que le brindamos. Con el fin de poder iniciar nuestras gestiones de intermediaci\u00f3n comercial inmobiliaria, requerimos obtener, personalmente o por tel\u00e9fono, los siguientes datos personales: Nombre, Apellidos, Email, N\u00fameros telef\u00f3nicos (casa, celular y\/o oficina).<\/p>\n<p>En algunos casos, cuando es estrictamente necesario para la firma de contratos de compraventa o de arrendamiento; inicio de tramites hipotecarios o gesti\u00f3n de simuladores de cr\u00e9dito, tambi\u00e9n podemos recabar los siguientes datos: Identificaci\u00f3n oficial, domicilio, RFC, CURP, comprobantes de ingresos, referencias personales, laborales o comerciales, estado civil, ocupaci\u00f3n, fecha y lugar de nacimiento, comprobantes de ingreso, escritura p\u00fablica que acredite la propiedad del inmueble respectivo, recibo de pago predial, recibo de servicios (agua, luz o tel\u00e9fono).<\/p>\n<p>No recabamos datos personales considerados como sensibles seg\u00fan la Ley Federal de Protecci\u00f3n de Datos Personales en Posesi\u00f3n de los Particulares.<\/p>\n<p>En todo momento usted tiene derecho de acceder, rectificar y cancelar sus datos personales, as\u00ed como de oponerse al tratamiento de los mismos o revocar el consentimiento que para tal fin nos haya otorgado\u00a0(Derechos ARCO), a trav\u00e9s de los procedimientos que hemos implementado.<\/p>\n<p>\u00a0<\/p>\n<p>Para ello, es necesario que presente su petici\u00f3n mediante correo electr\u00f3nico dirigido al\u00a0Encargado de Tratamiento de Datos Personales:<\/p>\n<p><strong>Andr\u00e9s Ramirez Ju\u00e1rez<\/strong><\/p>\n<p><strong>Boulevard Nuevo Hidalgo Numero 326 Interior 4, Puerta de Hierro, Pachuca de Soto, Hidalgo.<\/strong><\/p>\n<p><strong>Tel. (01) 771 71 59 308<\/strong><\/p>\n<p>\u00a0<\/p>\n<p>Su petici\u00f3n mediante correo electr\u00f3nico deber\u00e1 ir acompa\u00f1ada del formato de Solicitud para ejercer Derechos ARCO\u00a0<a href=\"https:\/\/docs.google.com\/document\/d\/1sDm9Y9Kl5kk6AnQ5aX2eiqlQfF6LItAkraTvpMTGxJg\/edit\">(en su caso solicitar el formato al contacto antes mencionado)<\/a>, el cual deber\u00e1 llenar, imprimir, firmar, escanear y anexar como archivo anexo a dicho correo electr\u00f3nico. En dicha solicitud deber\u00e1 indicar claramente si desea:<\/p>\n<p>&#8211; Acceder a los datos personales que hemos recabado<\/p>\n<p>&#8211; Rectificar alg\u00fan dato personal indicando la rectificaci\u00f3n correspondiente<\/p>\n<p>&#8211; Cancelar sus datos personales u oponerse al tratamiento de los mismos<\/p>\n<p>&#8211; Revocar el consentimiento que nos haya otorgado<\/p>\n<p>\u00a0<\/p>\n<p>Tendremos un plazo m\u00e1ximo de\u00a08\u00a0d\u00edas naturales para atender su petici\u00f3n y le informaremos sobre la procedencia de la misma mediante correo electr\u00f3nico a la cuenta desde la cual realiz\u00f3 la solicitud.<\/p>\n<p>Si usted no manifiesta su oposici\u00f3n para que sus datos personales sean transferidos, se entender\u00e1 que ha otorgado su consentimiento para ello. Cuando sus datos son transferidos a personas distintas a esta empresa, comunicamos este aviso de privacidad a los terceros a quienes transferimos sus datos personales.<\/p>\n<p>Si no desea otorgar su consentimiento para que sus datos personales sean transferidos en los t\u00e9rminos que se\u00f1ala el presente aviso de privacidad, o si usted desea dejar de recibir mensajes promocionales de nuestra parte puede solicitarlo mediante correo electr\u00f3nico.<\/p>\n<p>Nos reservamos el derecho de efectuar en cualquier momento modificaciones o actualizaciones al presente aviso de privacidad, para la atenci\u00f3n de novedades legislativas o jurisprudenciales, pol\u00edticas internas, nuevos requerimientos para la prestaci\u00f3n u ofrecimiento de nuestros servicios o productos y pr\u00e1cticas del mercado. Estas modificaciones estar\u00e1n disponibles al p\u00fablico a trav\u00e9s de un anuncio visible en nuestra oficina<\/p>\n<p>Fecha \u00faltima actualizaci\u00f3n: 11\u00a0de Diciembre de 2018<\/p>\n<p><!-- \/wp:paragraph --><\/p>\t\t\t\t\t\t<\/div>\n\t\t\t\t<\/div>\n\t\t\t\t\t<\/div>\n\t\t<\/div>\n\t\t\t\t\t\t\t<\/div>\n\t\t<\/section>\n\t\t\t\t\t\t\t<\/div>\n\t\t","protected":false},"excerpt":{"rendered":"<p>AVISO DE PRIVACIDAD \u00a0 Inmobiliaria Integra 360, con domicilio en\u00a0Boulevard Nuevo Hidalgo Numero 326 Interior 4 Puerta de Hierro, Pachuca de Soto, Hidalgo, es responsable de recabar sus datos personales, del uso que se le d\u00e9 a los mismos y de su protecci\u00f3n. Su informaci\u00f3n personal ser\u00e1 utilizada para proveer los servicios y productos que [&hellip;]<\/p>\n","protected":false},"author":1,"featured_media":0,"parent":0,"menu_order":0,"comment_status":"closed","ping_status":"closed","template":"elementor_header_footer","meta":{"_monsterinsights_skip_tracking":false,"_monsterinsights_sitenote_active":false,"_monsterinsights_sitenote_note":"","_monsterinsights_sitenote_category":0,"footnotes":""},"class_list":["post-3","page","type-page","status-publish","hentry"],"yoast_head":"<!-- This site is optimized with the Yoast SEO plugin v26.9 - https:\/\/yoast.com\/product\/yoast-seo-wordpress\/ -->\n<title>Pol\u00edticas de Privacidad - Integra 360<\/title>\n<meta name=\"robots\" content=\"index, follow, max-snippet:-1, max-image-preview:large, max-video-preview:-1\" \/>\n<link rel=\"canonical\" href=\"https:\/\/integra360.com.mx\/index.php\/privacy-policy\/\" \/>\n<meta property=\"og:locale\" content=\"es_ES\" \/>\n<meta property=\"og:type\" content=\"article\" \/>\n<meta property=\"og:title\" content=\"Pol\u00edticas de Privacidad - Integra 360\" \/>\n<meta property=\"og:description\" content=\"AVISO DE PRIVACIDAD \u00a0 Inmobiliaria Integra 360, con domicilio en\u00a0Boulevard Nuevo Hidalgo Numero 326 Interior 4 Puerta de Hierro, Pachuca de Soto, Hidalgo, es responsable de recabar sus datos personales, del uso que se le d\u00e9 a los mismos y de su protecci\u00f3n. Su informaci\u00f3n personal ser\u00e1 utilizada para proveer los servicios y productos que [&hellip;]\" \/>\n<meta property=\"og:url\" content=\"https:\/\/integra360.com.mx\/index.php\/privacy-policy\/\" \/>\n<meta property=\"og:site_name\" content=\"Integra 360\" \/>\n<meta property=\"article:modified_time\" content=\"2024-10-15T22:36:01+00:00\" \/>\n<meta name=\"twitter:card\" content=\"summary_large_image\" \/>\n<meta name=\"twitter:label1\" content=\"Tiempo de lectura\" \/>\n\t<meta name=\"twitter:data1\" content=\"3 minutos\" \/>\n<script type=\"application\/ld+json\" class=\"yoast-schema-graph\">{\"@context\":\"https:\/\/schema.org\",\"@graph\":[{\"@type\":\"WebPage\",\"@id\":\"https:\/\/integra360.com.mx\/index.php\/privacy-policy\/\",\"url\":\"https:\/\/integra360.com.mx\/index.php\/privacy-policy\/\",\"name\":\"Pol\u00edticas de Privacidad - Integra 360\",\"isPartOf\":{\"@id\":\"https:\/\/integra360.com.mx\/#website\"},\"datePublished\":\"2023-05-25T18:45:29+00:00\",\"dateModified\":\"2024-10-15T22:36:01+00:00\",\"breadcrumb\":{\"@id\":\"https:\/\/integra360.com.mx\/index.php\/privacy-policy\/#breadcrumb\"},\"inLanguage\":\"es\",\"potentialAction\":[{\"@type\":\"ReadAction\",\"target\":[\"https:\/\/integra360.com.mx\/index.php\/privacy-policy\/\"]}]},{\"@type\":\"BreadcrumbList\",\"@id\":\"https:\/\/integra360.com.mx\/index.php\/privacy-policy\/#breadcrumb\",\"itemListElement\":[{\"@type\":\"ListItem\",\"position\":1,\"name\":\"Portada\",\"item\":\"https:\/\/integra360.com.mx\/\"},{\"@type\":\"ListItem\",\"position\":2,\"name\":\"Pol\u00edticas de Privacidad\"}]},{\"@type\":\"WebSite\",\"@id\":\"https:\/\/integra360.com.mx\/#website\",\"url\":\"https:\/\/integra360.com.mx\/\",\"name\":\"Integra 360\",\"description\":\"\",\"potentialAction\":[{\"@type\":\"SearchAction\",\"target\":{\"@type\":\"EntryPoint\",\"urlTemplate\":\"https:\/\/integra360.com.mx\/?s={search_term_string}\"},\"query-input\":{\"@type\":\"PropertyValueSpecification\",\"valueRequired\":true,\"valueName\":\"search_term_string\"}}],\"inLanguage\":\"es\"}]}<\/script>\n<!-- \/ Yoast SEO plugin. -->","yoast_head_json":{"title":"Pol\u00edticas de Privacidad - Integra 360","robots":{"index":"index","follow":"follow","max-snippet":"max-snippet:-1","max-image-preview":"max-image-preview:large","max-video-preview":"max-video-preview:-1"},"canonical":"https:\/\/integra360.com.mx\/index.php\/privacy-policy\/","og_locale":"es_ES","og_type":"article","og_title":"Pol\u00edticas de Privacidad - Integra 360","og_description":"AVISO DE PRIVACIDAD \u00a0 Inmobiliaria Integra 360, con domicilio en\u00a0Boulevard Nuevo Hidalgo Numero 326 Interior 4 Puerta de Hierro, Pachuca de Soto, Hidalgo, es responsable de recabar sus datos personales, del uso que se le d\u00e9 a los mismos y de su protecci\u00f3n. Su informaci\u00f3n personal ser\u00e1 utilizada para proveer los servicios y productos que [&hellip;]","og_url":"https:\/\/integra360.com.mx\/index.php\/privacy-policy\/","og_site_name":"Integra 360","article_modified_time":"2024-10-15T22:36:01+00:00","twitter_card":"summary_large_image","twitter_misc":{"Tiempo de lectura":"3 minutos"},"schema":{"@context":"https:\/\/schema.org","@graph":[{"@type":"WebPage","@id":"https:\/\/integra360.com.mx\/index.php\/privacy-policy\/","url":"https:\/\/integra360.com.mx\/index.php\/privacy-policy\/","name":"Pol\u00edticas de Privacidad - Integra 360","isPartOf":{"@id":"https:\/\/integra360.com.mx\/#website"},"datePublished":"2023-05-25T18:45:29+00:00","dateModified":"2024-10-15T22:36:01+00:00","breadcrumb":{"@id":"https:\/\/integra360.com.mx\/index.php\/privacy-policy\/#breadcrumb"},"inLanguage":"es","potentialAction":[{"@type":"ReadAction","target":["https:\/\/integra360.com.mx\/index.php\/privacy-policy\/"]}]},{"@type":"BreadcrumbList","@id":"https:\/\/integra360.com.mx\/index.php\/privacy-policy\/#breadcrumb","itemListElement":[{"@type":"ListItem","position":1,"name":"Portada","item":"https:\/\/integra360.com.mx\/"},{"@type":"ListItem","position":2,"name":"Pol\u00edticas de Privacidad"}]},{"@type":"WebSite","@id":"https:\/\/integra360.com.mx\/#website","url":"https:\/\/integra360.com.mx\/","name":"Integra 360","description":"","potentialAction":[{"@type":"SearchAction","target":{"@type":"EntryPoint","urlTemplate":"https:\/\/integra360.com.mx\/?s={search_term_string}"},"query-input":{"@type":"PropertyValueSpecification","valueRequired":true,"valueName":"search_term_string"}}],"inLanguage":"es"}]}},"_links":{"self":[{"href":"https:\/\/integra360.com.mx\/index.php\/wp-json\/wp\/v2\/pages\/3","targetHints":{"allow":["GET"]}}],"collection":[{"href":"https:\/\/integra360.com.mx\/index.php\/wp-json\/wp\/v2\/pages"}],"about":[{"href":"https:\/\/integra360.com.mx\/index.php\/wp-json\/wp\/v2\/types\/page"}],"author":[{"embeddable":true,"href":"https:\/\/integra360.com.mx\/index.php\/wp-json\/wp\/v2\/users\/1"}],"replies":[{"embeddable":true,"href":"https:\/\/integra360.com.mx\/index.php\/wp-json\/wp\/v2\/comments?post=3"}],"version-history":[{"count":4,"href":"https:\/\/integra360.com.mx\/index.php\/wp-json\/wp\/v2\/pages\/3\/revisions"}],"predecessor-version":[{"id":21735,"href":"https:\/\/integra360.com.mx\/index.php\/wp-json\/wp\/v2\/pages\/3\/revisions\/21735"}],"wp:attachment":[{"href":"https:\/\/integra360.com.mx\/index.php\/wp-json\/wp\/v2\/media?parent=3"}],"curies":[{"name":"wp","href":"https:\/\/api.w.org\/{rel}","templated":true}]}}